{"id":30,"date":"2021-02-28T20:23:18","date_gmt":"2021-02-28T19:23:18","guid":{"rendered":"http:\/\/tzigabahan.com\/?page_id=30"},"modified":"2022-10-03T17:45:07","modified_gmt":"2022-10-03T15:45:07","slug":"a-propos-2","status":"publish","type":"page","link":"https:\/\/tzigabahan.com\/index.php\/a-propos-2\/","title":{"rendered":"\u00c0 propos"},"content":{"rendered":"\n<figure class=\"wp-block-pullquote is-style-default\"><blockquote><p><strong>Tzigabahan<\/strong> est une <strong>tribu de danse<\/strong> ATS\u00ae FCBDstyle\u00ae et de danses du monde, <strong>n\u00e9e en 2018<\/strong> sous l&rsquo;impulsion de danseuses passionn\u00e9es souhaitant proposer des <strong>prestations originales et uniques<\/strong>. <br>Elle est situ\u00e9e dans les <strong>Alpes Maritimes<\/strong>, dans le sud de la France (notamment Nice, Antibes et Roquebrune Cap Martin).<\/p><p>La tribu est port\u00e9e par Karen, Christine, Perrine, Caroline and friends&#8230; <\/p><\/blockquote><\/figure>\n\n\n\n<div class=\"wp-block-image\"><figure class=\"aligncenter size-large is-resized\"><img loading=\"lazy\" decoding=\"async\" src=\"http:\/\/tzigabahan.com\/wp-content\/uploads\/2021\/03\/logorond-1024x1024.png\" alt=\"\" class=\"wp-image-189\" width=\"339\" height=\"339\" srcset=\"https:\/\/tzigabahan.com\/wp-content\/uploads\/2021\/03\/logorond-1024x1024.png 1024w, https:\/\/tzigabahan.com\/wp-content\/uploads\/2021\/03\/logorond-300x300.png 300w, https:\/\/tzigabahan.com\/wp-content\/uploads\/2021\/03\/logorond-150x150.png 150w, https:\/\/tzigabahan.com\/wp-content\/uploads\/2021\/03\/logorond-768x768.png 768w, https:\/\/tzigabahan.com\/wp-content\/uploads\/2021\/03\/logorond-1140x1140.png 1140w, https:\/\/tzigabahan.com\/wp-content\/uploads\/2021\/03\/logorond-75x75.png 75w, https:\/\/tzigabahan.com\/wp-content\/uploads\/2021\/03\/logorond.png 1148w\" sizes=\"(max-width: 339px) 100vw, 339px\" \/><\/figure><\/div>\n\n\n\n<figure class=\"wp-block-pullquote is-style-default\"><blockquote><p>S\u2019inspirant des danses traditionnelles et folkloriques orientales, indiennes et flamenco-tziganes, l\u2019<strong>American Tribal Style<\/strong> (ATS\u00ae) est un <strong>format de danse improvis\u00e9e<\/strong>, cr\u00e9\u00e9 aux Etats-Unis dans les ann\u00e9es 80 par Carolena Nericcio.&nbsp;En 2019, le format est rebaptis\u00e9 <strong>FCBDstyle\u00ae<\/strong> du nom de sa tribu initiale  <strong>FatChanceBellyDance<\/strong>. <\/p><p>C\u2019est une <strong>danse de tribu<\/strong> qui se pratique en groupe de deux \u00e0 quatre danseuses qui improvisent ensemble de mani\u00e8re <strong>synchronis\u00e9e<\/strong>, donnant ainsi l\u2019impression d\u2019une chor\u00e9graphie.&nbsp;<\/p><p>Les notions de partage, coh\u00e9sion et plaisir de danser ensemble sont les&nbsp;<strong>valeurs<\/strong>&nbsp;de ce courant.<\/p><p>Le r\u00e9pertoire de mouvements est commun \u00e0 travers le monde entier.<\/p><p>Sur des musiques lentes, les mouvements sont hypnotiques et sinueux, sur des musiques rapides,&nbsp; ils sont \u00e9nergiques, rythm\u00e9s ou ondulants.<\/p><p>Une <strong>identit\u00e9 visuelle forte<\/strong> port\u00e9e par des costumes compos\u00e9s de la juxtaposition d\u2019\u00e9l\u00e9ments traditionnels de diff\u00e9rentes cultures (jupes, sarouels, cholis, turbans, fleurs, ceintures \u00e0 pompons, bijoux anciens,&nbsp; sagattes\u2026) renforcent l\u2019image de cette <strong>danse<\/strong> et la rendent <strong>unique en son genre<\/strong>.<\/p><p>L&rsquo;ATS se d\u00e9cline \u00e9galement en dialectes avec <strong>accessoires<\/strong>, comme le <strong>panier<\/strong>, le <strong>tambourin<\/strong>, le <strong>sabre<\/strong> ou les mains de <strong>feu<\/strong>.<\/p><\/blockquote><\/figure>\n\n\n\n<figure class=\"wp-block-gallery columns-4 is-cropped wp-block-gallery-1 is-layout-flex wp-block-gallery-is-layout-flex\"><ul class=\"blocks-gallery-grid\"><li class=\"blocks-gallery-item\"><figure><img loading=\"lazy\" decoding=\"async\" width=\"697\" height=\"1024\" src=\"http:\/\/tzigabahan.com\/wp-content\/uploads\/2021\/03\/Caro-tambourin-697x1024.png\" alt=\"\" data-id=\"329\" data-full-url=\"http:\/\/tzigabahan.com\/wp-content\/uploads\/2021\/03\/Caro-tambourin.png\" data-link=\"http:\/\/tzigabahan.com\/index.php\/a-propos-2\/caro-tambourin\/\" class=\"wp-image-329\" srcset=\"https:\/\/tzigabahan.com\/wp-content\/uploads\/2021\/03\/Caro-tambourin-697x1024.png 697w, https:\/\/tzigabahan.com\/wp-content\/uploads\/2021\/03\/Caro-tambourin-204x300.png 204w, https:\/\/tzigabahan.com\/wp-content\/uploads\/2021\/03\/Caro-tambourin.png 760w\" sizes=\"(max-width: 697px) 100vw, 697px\" \/><\/figure><\/li><li class=\"blocks-gallery-item\"><figure><img loading=\"lazy\" decoding=\"async\" width=\"720\" height=\"960\" src=\"http:\/\/tzigabahan.com\/wp-content\/uploads\/2021\/02\/Chris.jpg\" alt=\"\" data-id=\"111\" data-full-url=\"http:\/\/tzigabahan.com\/wp-content\/uploads\/2021\/02\/Chris.jpg\" data-link=\"http:\/\/tzigabahan.com\/index.php\/portfolio\/chris\/\" class=\"wp-image-111\" srcset=\"https:\/\/tzigabahan.com\/wp-content\/uploads\/2021\/02\/Chris.jpg 720w, https:\/\/tzigabahan.com\/wp-content\/uploads\/2021\/02\/Chris-225x300.jpg 225w\" sizes=\"(max-width: 720px) 100vw, 720px\" \/><\/figure><\/li><li class=\"blocks-gallery-item\"><figure><img loading=\"lazy\" decoding=\"async\" width=\"1024\" height=\"1024\" src=\"http:\/\/tzigabahan.com\/wp-content\/uploads\/2021\/02\/Feu07-Perrine-1024x1024.jpg\" alt=\"\" data-id=\"120\" data-full-url=\"http:\/\/tzigabahan.com\/wp-content\/uploads\/2021\/02\/Feu07-Perrine.jpg\" data-link=\"http:\/\/tzigabahan.com\/index.php\/portfolio\/feu07-perrine\/\" class=\"wp-image-120\" srcset=\"https:\/\/tzigabahan.com\/wp-content\/uploads\/2021\/02\/Feu07-Perrine-1024x1024.jpg 1024w, https:\/\/tzigabahan.com\/wp-content\/uploads\/2021\/02\/Feu07-Perrine-300x300.jpg 300w, https:\/\/tzigabahan.com\/wp-content\/uploads\/2021\/02\/Feu07-Perrine-150x150.jpg 150w, https:\/\/tzigabahan.com\/wp-content\/uploads\/2021\/02\/Feu07-Perrine-768x768.jpg 768w, https:\/\/tzigabahan.com\/wp-content\/uploads\/2021\/02\/Feu07-Perrine-1536x1536.jpg 1536w, https:\/\/tzigabahan.com\/wp-content\/uploads\/2021\/02\/Feu07-Perrine-1200x1200.jpg 1200w, https:\/\/tzigabahan.com\/wp-content\/uploads\/2021\/02\/Feu07-Perrine.jpg 1875w\" sizes=\"(max-width: 1024px) 100vw, 1024px\" \/><\/figure><\/li><li class=\"blocks-gallery-item\"><figure><img loading=\"lazy\" decoding=\"async\" width=\"683\" height=\"1024\" src=\"http:\/\/tzigabahan.com\/wp-content\/uploads\/2021\/02\/Panier02-Karen-683x1024.jpg\" alt=\"\" data-id=\"134\" data-full-url=\"http:\/\/tzigabahan.com\/wp-content\/uploads\/2021\/02\/Panier02-Karen.jpg\" data-link=\"http:\/\/tzigabahan.com\/index.php\/portfolio\/panier02-karen\/\" class=\"wp-image-134\" srcset=\"https:\/\/tzigabahan.com\/wp-content\/uploads\/2021\/02\/Panier02-Karen-683x1024.jpg 683w, https:\/\/tzigabahan.com\/wp-content\/uploads\/2021\/02\/Panier02-Karen-200x300.jpg 200w, https:\/\/tzigabahan.com\/wp-content\/uploads\/2021\/02\/Panier02-Karen-768x1151.jpg 768w, https:\/\/tzigabahan.com\/wp-content\/uploads\/2021\/02\/Panier02-Karen-1025x1536.jpg 1025w, https:\/\/tzigabahan.com\/wp-content\/uploads\/2021\/02\/Panier02-Karen-1200x1799.jpg 1200w, https:\/\/tzigabahan.com\/wp-content\/uploads\/2021\/02\/Panier02-Karen.jpg 1251w\" sizes=\"(max-width: 683px) 100vw, 683px\" \/><\/figure><\/li><\/ul><\/figure>\n\n\n\n<div class=\"wp-block-image\"><figure class=\"aligncenter size-large\"><img loading=\"lazy\" decoding=\"async\" width=\"1024\" height=\"683\" src=\"http:\/\/tzigabahan.com\/wp-content\/uploads\/2021\/02\/Sabre02-Aure\u0301lie-Perrine-Chris-Karen-1024x683.jpg\" alt=\"\" class=\"wp-image-82\" srcset=\"https:\/\/tzigabahan.com\/wp-content\/uploads\/2021\/02\/Sabre02-Aure\u0301lie-Perrine-Chris-Karen-1024x683.jpg 1024w, https:\/\/tzigabahan.com\/wp-content\/uploads\/2021\/02\/Sabre02-Aure\u0301lie-Perrine-Chris-Karen-300x200.jpg 300w, https:\/\/tzigabahan.com\/wp-content\/uploads\/2021\/02\/Sabre02-Aure\u0301lie-Perrine-Chris-Karen-768x512.jpg 768w, https:\/\/tzigabahan.com\/wp-content\/uploads\/2021\/02\/Sabre02-Aure\u0301lie-Perrine-Chris-Karen-1536x1025.jpg 1536w, https:\/\/tzigabahan.com\/wp-content\/uploads\/2021\/02\/Sabre02-Aure\u0301lie-Perrine-Chris-Karen-1200x801.jpg 1200w, https:\/\/tzigabahan.com\/wp-content\/uploads\/2021\/02\/Sabre02-Aure\u0301lie-Perrine-Chris-Karen.jpg 1875w\" sizes=\"(max-width: 1024px) 100vw, 1024px\" \/><\/figure><\/div>\n\n\n\n<figure class=\"wp-block-gallery columns-0 is-cropped wp-block-gallery-2 is-layout-flex wp-block-gallery-is-layout-flex\"><ul class=\"blocks-gallery-grid\"><\/ul><\/figure>\n\n\n\n<figure class=\"wp-block-pullquote is-style-default\"><blockquote><p>Il est possible de vous <strong>initier \u00e0 notre danse<\/strong> en vous adressant \u00e0 notre association<br> <a href=\"http:\/\/acorpstribal.com\">\u00c0 Corps Tribal<\/a><br>Cr\u00e9\u00e9e en 2014 par Karen afin de partage et de transmission de cette danse merveilleuse, l&rsquo;association permet d&rsquo;une part de proposer <strong>des cours et des stages p\u00e9dagogiques<\/strong> allant de l&rsquo;initiation aux techniques avanc\u00e9es, et d&rsquo;autre part de soutenir le projet artistique Tzigabahan.<\/p><\/blockquote><\/figure>\n\n\n\n<div class=\"wp-block-image\"><figure class=\"aligncenter size-large is-resized\"><img loading=\"lazy\" decoding=\"async\" src=\"http:\/\/tzigabahan.com\/wp-content\/uploads\/2022\/10\/d88389_04a2fe3b13f2426ba3b6e830e26be674_mv2_d_2048_1761_s_2.jpg\" alt=\"\" class=\"wp-image-483\" width=\"424\" height=\"364\" srcset=\"https:\/\/tzigabahan.com\/wp-content\/uploads\/2022\/10\/d88389_04a2fe3b13f2426ba3b6e830e26be674_mv2_d_2048_1761_s_2.jpg 976w, https:\/\/tzigabahan.com\/wp-content\/uploads\/2022\/10\/d88389_04a2fe3b13f2426ba3b6e830e26be674_mv2_d_2048_1761_s_2-300x258.jpg 300w, https:\/\/tzigabahan.com\/wp-content\/uploads\/2022\/10\/d88389_04a2fe3b13f2426ba3b6e830e26be674_mv2_d_2048_1761_s_2-768x660.jpg 768w\" sizes=\"(max-width: 424px) 100vw, 424px\" \/><\/figure><\/div>\n","protected":false},"excerpt":{"rendered":"<p>Tzigabahan est une tribu de danse ATS\u00ae FCBDstyle\u00ae et de danses du monde, n\u00e9e en 2018 sous l&rsquo;impulsion de danseuses passionn\u00e9es souhaitant proposer des prestations originales et uniques. Elle est situ\u00e9e dans les Alpes Maritimes, dans le sud de la France (notamment Nice, Antibes et Roquebrune Cap Martin). La tribu est port\u00e9e par Karen, Christine, Perrine, Caroline and friends&#8230; S\u2019inspirant des danses traditionnelles et folkloriques orientales, indiennes et flamenco-tziganes, l\u2019American Tribal Style (ATS\u00ae) est un format de danse improvis\u00e9e, cr\u00e9\u00e9 aux Etats-Unis dans les ann\u00e9es 80 par Carolena Nericcio.&nbsp;En 2019, le format est rebaptis\u00e9 FCBDstyle\u00ae du nom de sa tribu initiale FatChanceBellyDance. C\u2019est une danse de tribu qui se pratique en groupe de deux \u00e0 quatre danseuses qui improvisent ensemble de mani\u00e8re synchronis\u00e9e, donnant ainsi l\u2019impression d\u2019une chor\u00e9graphie.&nbsp; Les notions de partage, coh\u00e9sion et plaisir de danser ensemble sont les&nbsp;valeurs&nbsp;de ce courant. Le r\u00e9pertoire de mouvements est commun \u00e0 travers le monde entier. Sur des musiques lentes, les mouvements sont hypnotiques et sinueux, sur des musiques rapides,&nbsp; ils sont \u00e9nergiques, rythm\u00e9s ou ondulants. Une identit\u00e9 visuelle forte port\u00e9e par des costumes compos\u00e9s de la juxtaposition d\u2019\u00e9l\u00e9ments traditionnels de diff\u00e9rentes cultures (jupes, sarouels, cholis, turbans, fleurs, ceintures \u00e0 pompons, bijoux anciens,&nbsp; sagattes\u2026) renforcent l\u2019image de cette danse et la rendent unique en son genre. L&rsquo;ATS se d\u00e9cline \u00e9galement en dialectes avec accessoires, comme le panier, le tambourin, le sabre ou les mains de feu. Il est possible de vous initier \u00e0 notre danse en vous adressant \u00e0 notre association \u00c0 Corps TribalCr\u00e9\u00e9e en 2014 par Karen afin de partage et de transmission de cette danse merveilleuse, l&rsquo;association permet d&rsquo;une part de proposer des cours et des stages p\u00e9dagogiques allant de l&rsquo;initiation aux techniques avanc\u00e9es, et d&rsquo;autre part de soutenir le projet artistique Tzigabahan.<\/p>\n","protected":false},"author":1,"featured_media":0,"parent":0,"menu_order":0,"comment_status":"closed","ping_status":"closed","template":"","meta":{"footnotes":""},"class_list":["post-30","page","type-page","status-publish","hentry"],"_links":{"self":[{"href":"https:\/\/tzigabahan.com\/index.php\/wp-json\/wp\/v2\/pages\/30"}],"collection":[{"href":"https:\/\/tzigabahan.com\/index.php\/wp-json\/wp\/v2\/pages"}],"about":[{"href":"https:\/\/tzigabahan.com\/index.php\/wp-json\/wp\/v2\/types\/page"}],"author":[{"embeddable":true,"href":"https:\/\/tzigabahan.com\/index.php\/wp-json\/wp\/v2\/users\/1"}],"replies":[{"embeddable":true,"href":"https:\/\/tzigabahan.com\/index.php\/wp-json\/wp\/v2\/comments?post=30"}],"version-history":[{"count":35,"href":"https:\/\/tzigabahan.com\/index.php\/wp-json\/wp\/v2\/pages\/30\/revisions"}],"predecessor-version":[{"id":493,"href":"https:\/\/tzigabahan.com\/index.php\/wp-json\/wp\/v2\/pages\/30\/revisions\/493"}],"wp:attachment":[{"href":"https:\/\/tzigabahan.com\/index.php\/wp-json\/wp\/v2\/media?parent=30"}],"curies":[{"name":"wp","href":"https:\/\/api.w.org\/{rel}","templated":true}]}}