{"id":68,"date":"2021-02-28T20:44:56","date_gmt":"2021-02-28T19:44:56","guid":{"rendered":"http:\/\/tzigabahan.com\/?page_id=68"},"modified":"2022-10-03T15:08:18","modified_gmt":"2022-10-03T13:08:18","slug":"accueil","status":"publish","type":"page","link":"https:\/\/tzigabahan.com\/","title":{"rendered":"Accueil"},"content":{"rendered":"\n<figure class=\"wp-block-pullquote is-style-default\"><blockquote><p>La danse est une c\u00e9l\u00e9bration !<\/p><p>Venez appr\u00e9cier avec nous les bienfaits de l&rsquo;ATS\u00ae, riche en termes d\u2019\u00e9nergies, de bienveillance et&nbsp;de plaisir partag\u00e9 !&nbsp;<\/p><\/blockquote><\/figure>\n\n\n\n<div class=\"wp-block-image\"><figure class=\"aligncenter size-large is-resized\"><img loading=\"lazy\" decoding=\"async\" src=\"http:\/\/tzigabahan.com\/wp-content\/uploads\/2022\/10\/Tzigabahan-1024x683.jpg\" alt=\"\" class=\"wp-image-472\" width=\"579\" height=\"386\" srcset=\"https:\/\/tzigabahan.com\/wp-content\/uploads\/2022\/10\/Tzigabahan-1024x683.jpg 1024w, https:\/\/tzigabahan.com\/wp-content\/uploads\/2022\/10\/Tzigabahan-300x200.jpg 300w, https:\/\/tzigabahan.com\/wp-content\/uploads\/2022\/10\/Tzigabahan-768x512.jpg 768w, https:\/\/tzigabahan.com\/wp-content\/uploads\/2022\/10\/Tzigabahan-1536x1024.jpg 1536w, https:\/\/tzigabahan.com\/wp-content\/uploads\/2022\/10\/Tzigabahan-2048x1366.jpg 2048w, https:\/\/tzigabahan.com\/wp-content\/uploads\/2022\/10\/Tzigabahan-1140x760.jpg 1140w\" sizes=\"(max-width: 579px) 100vw, 579px\" \/><\/figure><\/div>\n","protected":false},"excerpt":{"rendered":"<p>La danse est une c\u00e9l\u00e9bration ! Venez appr\u00e9cier avec nous les bienfaits de l&rsquo;ATS\u00ae, riche en termes d\u2019\u00e9nergies, de bienveillance et&nbsp;de plaisir partag\u00e9 !&nbsp;<\/p>\n","protected":false},"author":1,"featured_media":0,"parent":0,"menu_order":0,"comment_status":"closed","ping_status":"closed","template":"","meta":{"footnotes":""},"class_list":["post-68","page","type-page","status-publish","hentry"],"_links":{"self":[{"href":"https:\/\/tzigabahan.com\/index.php\/wp-json\/wp\/v2\/pages\/68"}],"collection":[{"href":"https:\/\/tzigabahan.com\/index.php\/wp-json\/wp\/v2\/pages"}],"about":[{"href":"https:\/\/tzigabahan.com\/index.php\/wp-json\/wp\/v2\/types\/page"}],"author":[{"embeddable":true,"href":"https:\/\/tzigabahan.com\/index.php\/wp-json\/wp\/v2\/users\/1"}],"replies":[{"embeddable":true,"href":"https:\/\/tzigabahan.com\/index.php\/wp-json\/wp\/v2\/comments?post=68"}],"version-history":[{"count":18,"href":"https:\/\/tzigabahan.com\/index.php\/wp-json\/wp\/v2\/pages\/68\/revisions"}],"predecessor-version":[{"id":495,"href":"https:\/\/tzigabahan.com\/index.php\/wp-json\/wp\/v2\/pages\/68\/revisions\/495"}],"wp:attachment":[{"href":"https:\/\/tzigabahan.com\/index.php\/wp-json\/wp\/v2\/media?parent=68"}],"curies":[{"name":"wp","href":"https:\/\/api.w.org\/{rel}","templated":true}]}}